{"id":5,"date":"2017-09-24T09:14:37","date_gmt":"2017-09-24T07:14:37","guid":{"rendered":"http:\/\/florencepuklavec.com\/?page_id=5"},"modified":"2020-01-07T11:35:02","modified_gmt":"2020-01-07T10:35:02","slug":"blog","status":"publish","type":"page","link":"https:\/\/florencepuklavec.com\/index.php\/blog\/","title":{"rendered":"Blog"},"content":{"rendered":"\t\t<div data-elementor-type=\"wp-page\" data-elementor-id=\"5\" class=\"elementor elementor-5 elementor-bc-flex-widget\">\n\t\t\t\t\t\t<section class=\"elementor-section elementor-top-section elementor-element elementor-element-kc581gd elementor-section-boxed elementor-section-height-default elementor-section-height-default\" data-id=\"kc581gd\" data-element_type=\"section\" data-e-type=\"section\">\n\t\t\t\t\t\t<div class=\"elementor-container elementor-column-gap-default\">\n\t\t\t\t\t<div class=\"elementor-column elementor-col-100 elementor-top-column elementor-element elementor-element-7u7gqpo\" data-id=\"7u7gqpo\" data-element_type=\"column\" data-e-type=\"column\">\n\t\t\t<div class=\"elementor-widget-wrap elementor-element-populated\">\n\t\t\t\t\t\t<div class=\"elementor-element elementor-element-ems8vc4 elementor-widget elementor-widget-wp-widget-atframework-recent-posts\" data-id=\"ems8vc4\" data-element_type=\"widget\" data-e-type=\"widget\" data-widget_type=\"wp-widget-atframework-recent-posts.default\">\n\t\t\t\t<div class=\"elementor-widget-container\">\n\t\t\t\t\t\t\t\t\t\t\t<ul>\n\t\t\t\t\t<li class=\"clearfix\">\n\t\t\t\t\t\t\t\t\t<div class=\"recent-thumb col-md-4\">\n\t\t\t\t\t\t<img decoding=\"async\" width=\"150\" height=\"150\" src=\"https:\/\/florencepuklavec.com\/wp-content\/uploads\/2021\/05\/temps-150x150.jpg\" class=\"attachment-thumbnail size-thumbnail wp-post-image\" alt=\"\" \/>\t\t\t\t\t<\/div>\n\t\t\t\t\t<div class=\"recent-title col-md-8\">\n\t\t\t\t\t\n\t\t\t\t<a href=\"https:\/\/florencepuklavec.com\/index.php\/2021\/05\/03\/le-temps\/\">Le temps<\/a>\n\t\t\t\t\t\t\t\t<\/div>\n\t\t\t<\/li>\n\t\t\t\t\t<li class=\"clearfix\">\n\t\t\t\t\t\t\t\t\t<div class=\"recent-thumb col-md-4\">\n\t\t\t\t\t\t<img decoding=\"async\" width=\"150\" height=\"150\" src=\"https:\/\/florencepuklavec.com\/wp-content\/uploads\/2020\/10\/covid-copie-150x150.jpg\" class=\"attachment-thumbnail size-thumbnail wp-post-image\" alt=\"\" \/>\t\t\t\t\t<\/div>\n\t\t\t\t\t<div class=\"recent-title col-md-8\">\n\t\t\t\t\t\n\t\t\t\t<a href=\"https:\/\/florencepuklavec.com\/index.php\/2020\/10\/12\/de-limportance-de-la-relation-au-port-du-masque-le-nouveau-visage-du-lien-social\/\">De l\u2019importance de la relation au port du masque :  le nouveau visage du lien social<\/a>\n\t\t\t\t\t\t\t\t<\/div>\n\t\t\t<\/li>\n\t\t\t\t\t<li class=\"clearfix\">\n\t\t\t\t\t\t\t\t\t<div class=\"recent-thumb col-md-4\">\n\t\t\t\t\t\t<img decoding=\"async\" width=\"150\" height=\"150\" src=\"https:\/\/florencepuklavec.com\/wp-content\/uploads\/2020\/09\/CAP_solution-150x150.png\" class=\"attachment-thumbnail size-thumbnail wp-post-image\" alt=\"\" \/>\t\t\t\t\t<\/div>\n\t\t\t\t\t<div class=\"recent-title col-md-8\">\n\t\t\t\t\t\n\t\t\t\t<a href=\"https:\/\/florencepuklavec.com\/index.php\/2020\/09\/07\/la-course-a-pied-un-moment-devasion-propice-a-la-reflexion\/\">La course \u00e0 pied : un moment d\u2019\u00e9vasion propice \u00e0 la r\u00e9flexion<\/a>\n\t\t\t\t\t\t\t\t<\/div>\n\t\t\t<\/li>\n\t\t\t\t\t<li class=\"clearfix\">\n\t\t\t\t\t\t\t\t\t<div class=\"recent-thumb col-md-4\">\n\t\t\t\t\t\t<img loading=\"lazy\" decoding=\"async\" width=\"150\" height=\"150\" src=\"https:\/\/florencepuklavec.com\/wp-content\/uploads\/2020\/06\/prepamentale1-150x150.png\" class=\"attachment-thumbnail size-thumbnail wp-post-image\" alt=\"\" \/>\t\t\t\t\t<\/div>\n\t\t\t\t\t<div class=\"recent-title col-md-8\">\n\t\t\t\t\t\n\t\t\t\t<a href=\"https:\/\/florencepuklavec.com\/index.php\/2020\/06\/15\/le-preparateur-mental-simple-revelateur-de-capacites\/\">Le pr\u00e9parateur mental\u00a0: simple r\u00e9v\u00e9lateur de capacit\u00e9s<\/a>\n\t\t\t\t\t\t\t\t<\/div>\n\t\t\t<\/li>\n\t\t\t\t\t<li class=\"clearfix\">\n\t\t\t\t\t\t\t\t\t<div class=\"recent-thumb col-md-4\">\n\t\t\t\t\t\t<img loading=\"lazy\" decoding=\"async\" width=\"150\" height=\"150\" src=\"https:\/\/florencepuklavec.com\/wp-content\/uploads\/2020\/04\/liberte_desemouvoir-150x150.png\" class=\"attachment-thumbnail size-thumbnail wp-post-image\" alt=\"libert\u00e9\" \/>\t\t\t\t\t<\/div>\n\t\t\t\t\t<div class=\"recent-title col-md-8\">\n\t\t\t\t\t\n\t\t\t\t<a href=\"https:\/\/florencepuklavec.com\/index.php\/2020\/04\/21\/le-luxe-de-se-mouvoir\/\">Le luxe de se mouvoir<\/a>\n\t\t\t\t\t\t\t\t<\/div>\n\t\t\t<\/li>\n\t\t\t\t<\/ul>\n\t\t\t\t\t\t<\/div>\n\t\t\t\t<\/div>\n\t\t\t\t\t<\/div>\n\t\t<\/div>\n\t\t\t\t\t<\/div>\n\t\t<\/section>\n\t\t\t\t<\/div>\n\t\t","protected":false},"excerpt":{"rendered":"","protected":false},"author":1,"featured_media":0,"parent":0,"menu_order":0,"comment_status":"closed","ping_status":"closed","template":"","meta":{"footnotes":""},"class_list":["post-5","page","type-page","status-publish","hentry","clearfix"],"wppr_data":{"cwp_meta_box_check":"No"},"jetpack_sharing_enabled":true,"_links":{"self":[{"href":"https:\/\/florencepuklavec.com\/index.php\/wp-json\/wp\/v2\/pages\/5","targetHints":{"allow":["GET"]}}],"collection":[{"href":"https:\/\/florencepuklavec.com\/index.php\/wp-json\/wp\/v2\/pages"}],"about":[{"href":"https:\/\/florencepuklavec.com\/index.php\/wp-json\/wp\/v2\/types\/page"}],"author":[{"embeddable":true,"href":"https:\/\/florencepuklavec.com\/index.php\/wp-json\/wp\/v2\/users\/1"}],"replies":[{"embeddable":true,"href":"https:\/\/florencepuklavec.com\/index.php\/wp-json\/wp\/v2\/comments?post=5"}],"version-history":[{"count":4,"href":"https:\/\/florencepuklavec.com\/index.php\/wp-json\/wp\/v2\/pages\/5\/revisions"}],"predecessor-version":[{"id":821,"href":"https:\/\/florencepuklavec.com\/index.php\/wp-json\/wp\/v2\/pages\/5\/revisions\/821"}],"wp:attachment":[{"href":"https:\/\/florencepuklavec.com\/index.php\/wp-json\/wp\/v2\/media?parent=5"}],"curies":[{"name":"wp","href":"https:\/\/api.w.org\/{rel}","templated":true}]}}